{"id":41,"date":"2026-04-16T10:55:02","date_gmt":"2026-04-16T10:55:02","guid":{"rendered":"https:\/\/sklonum.click\/?page_id=41"},"modified":"2026-04-16T10:55:05","modified_gmt":"2026-04-16T10:55:05","slug":"terminos-de-servicio-y-codigo-de-conducta","status":"publish","type":"page","link":"https:\/\/sklonum.click\/?page_id=41","title":{"rendered":"T\u00e9rminos de Servicio y C\u00f3digo de Conducta"},"content":{"rendered":"\n<p>Ser parte de <strong>sklonum<\/strong> es un privilegio que conlleva responsabilidades. Tanto en el \u00e1mbito digital como en nuestras instalaciones f\u00edsicas en la Avenida Ej\u00e9rcito Libertador 497, exigimos un comportamiento alineado con los valores de excelencia y respeto que Carlos Rodrigo Sanchez promueve. Estos t\u00e9rminos regulan la relaci\u00f3n entre el club y sus usuarios, socios y atletas en Santiago de Chile.<\/p>\n\n\n\n<h3 class=\"wp-block-heading\">Normas Generales de Comportamiento<\/h3>\n\n\n\n<ol start=\"1\" class=\"wp-block-list\">\n<li><strong>Respeto Institucional:<\/strong> No se tolerar\u00e1n comentarios difamatorios o agresivos en nuestras plataformas digitales contra jugadores, cuerpo t\u00e9cnico o rivales.<\/li>\n\n\n\n<li><strong>Uso de las Instalaciones:<\/strong> Los socios que visiten Av. Ej\u00e9rcito Libertador 497 deben acatar las normas de seguridad y cuidado del equipamiento deportivo.<\/li>\n\n\n\n<li><strong>Disciplina de Academia:<\/strong> Los jugadores juveniles que no cumplan con los est\u00e1ndares educativos m\u00ednimos podr\u00e1n ser suspendidos de las competiciones oficiales.<\/li>\n\n\n\n<li><strong>Pagos y Reembolsos:<\/strong> Las cuotas de membres\u00eda se procesan mensualmente; cualquier disputa debe canalizarse a trav\u00e9s de connect@sklonum.click.<\/li>\n<\/ol>\n\n\n\n<h3 class=\"wp-block-heading\">Tabla de Responsabilidades del Usuario<\/h3>\n\n\n\n<figure class=\"wp-block-table\"><table class=\"has-fixed-layout\"><thead><tr><td><strong>Concepto de Servicio<\/strong><\/td><td><strong>Deber del Socio \/ Jugador<\/strong><\/td><td><strong>Facultad de sklonum<\/strong><\/td><\/tr><\/thead><tbody><tr><td><strong>Acceso al Estadio<\/strong><\/td><td>Presentar carnet de socio y cumplir protocolos<\/td><td>Reservar el derecho de admisi\u00f3n<\/td><\/tr><tr><td><strong>Datos de Perfil<\/strong><\/td><td>Mantener informaci\u00f3n actualizada y veraz<\/td><td>Validar la identidad ante la federaci\u00f3n<\/td><\/tr><tr><td><strong>Pruebas de Ingreso<\/strong><\/td><td>Cumplir con los horarios y equipo requerido<\/td><td>Evaluar y seleccionar seg\u00fan criterios t\u00e9cnicos<\/td><\/tr><tr><td><strong>Uso del Portal<\/strong><\/td><td>Utilizar claves personales de forma segura<\/td><td>Bloquear cuentas por actividad sospechosa<\/td><\/tr><\/tbody><\/table><\/figure>\n","protected":false},"excerpt":{"rendered":"<p>Ser parte de sklonum es un privilegio que conlleva responsabilidades. Tanto en el \u00e1mbito digital como en nuestras instalaciones f\u00edsicas en la Avenida Ej\u00e9rcito Libertador 497, exigimos un comportamiento alineado con los valores de excelencia y respeto que Carlos Rodrigo Sanchez promueve. Estos t\u00e9rminos regulan la relaci\u00f3n entre el club y sus usuarios, socios y [&hellip;]<\/p>\n","protected":false},"author":1,"featured_media":0,"parent":0,"menu_order":9,"comment_status":"closed","ping_status":"closed","template":"","meta":{"footnotes":""},"class_list":["post-41","page","type-page","status-publish","hentry"],"_links":{"self":[{"href":"https:\/\/sklonum.click\/index.php?rest_route=\/wp\/v2\/pages\/41","targetHints":{"allow":["GET"]}}],"collection":[{"href":"https:\/\/sklonum.click\/index.php?rest_route=\/wp\/v2\/pages"}],"about":[{"href":"https:\/\/sklonum.click\/index.php?rest_route=\/wp\/v2\/types\/page"}],"author":[{"embeddable":true,"href":"https:\/\/sklonum.click\/index.php?rest_route=\/wp\/v2\/users\/1"}],"replies":[{"embeddable":true,"href":"https:\/\/sklonum.click\/index.php?rest_route=%2Fwp%2Fv2%2Fcomments&post=41"}],"version-history":[{"count":1,"href":"https:\/\/sklonum.click\/index.php?rest_route=\/wp\/v2\/pages\/41\/revisions"}],"predecessor-version":[{"id":42,"href":"https:\/\/sklonum.click\/index.php?rest_route=\/wp\/v2\/pages\/41\/revisions\/42"}],"wp:attachment":[{"href":"https:\/\/sklonum.click\/index.php?rest_route=%2Fwp%2Fv2%2Fmedia&parent=41"}],"curies":[{"name":"wp","href":"https:\/\/api.w.org\/{rel}","templated":true}]}}